{"id":93,"date":"2025-04-29T07:36:39","date_gmt":"2025-04-29T07:36:39","guid":{"rendered":"https:\/\/anglupamokeles.lt\/?page_id=93"},"modified":"2025-10-08T05:00:00","modified_gmt":"2025-10-08T05:00:00","slug":"nuorodos","status":"publish","type":"page","link":"https:\/\/anglupamokeles.lt\/?page_id=93","title":{"rendered":"Nuorodos"},"content":{"rendered":"\n<div class=\"wp-block-cover alignfull is-light\" style=\"min-height:406px;aspect-ratio:unset;\"><img decoding=\"async\" class=\"wp-block-cover__image-background wp-image-58\" alt=\"\" src=\"https:\/\/anglupamokeles.lt\/wp-content\/uploads\/2025\/04\/knygos.jpg\" data-object-fit=\"cover\"\/><span aria-hidden=\"true\" class=\"wp-block-cover__background has-background-dim-20 has-background-dim\" style=\"background-color:#e5e5e4\"><\/span><div class=\"wp-block-cover__inner-container is-layout-constrained wp-block-cover-is-layout-constrained\">\n<p class=\"has-medium-font-size\">Essential Grammar in Use, Raymond Murphy (tinka ELEMENTARY)<br>English Grammar in Use, Raymond Murphy (tinka PRE-INTERMEDIATE ir INTERMEDIATE)<\/p>\n\n\n\n<p class=\"has-medium-font-size\">6 min. \u012fra\u0161ai ir tekstai su paai\u0161kinimais \u0161iek tiek pa\u017eengusiems<br><a href=\"http:\/\/www.bbc.co.uk\/worldservice\/learningenglish\/general\/sixminute\/\" target=\"_blank\" rel=\"noreferrer noopener\">http:\/\/www.bbc.co.uk\/worldservice\/learningenglish\/general\/sixminute\/<\/a><\/p>\n\n\n\n<p class=\"has-medium-font-size\">JAV prezident\u0173 kalbos ir i\u0161ra\u0161ai<br><a href=\"http:\/\/millercenter.org\/president\/speeches\" target=\"_blank\" rel=\"noreferrer noopener\">http:\/\/millercenter.org\/president\/speeches<\/a><\/p>\n\n\n\n<p class=\"has-medium-font-size\">radijas gyvai klausymo \u012fg\u016bd\u017eiams tobulinti<br><a href=\"http:\/\/www.bbc.co.uk\/radio\/player\/bbc_world_service\" target=\"_blank\" rel=\"noreferrer noopener\">http:\/\/www.bbc.co.uk\/radio\/player\/bbc_world_service<\/a><\/p>\n\n\n\n<p class=\"has-medium-font-size\">\u012fvair\u016bs radijo \u012fra\u0161ai klausymo \u012fg\u016bd\u017eiams tobulinti<br><a href=\"http:\/\/www.bbc.co.uk\/podcasts\/\" target=\"_blank\" rel=\"noreferrer noopener\">http:\/\/www.bbc.co.uk\/podcasts\/<\/a><\/p>\n\n\n\n<p class=\"has-medium-font-size\">liudinink\u0173 pasakojimai apie istorinius \u012fvykius<br><a href=\"http:\/\/www.bbc.co.uk\/programmes\/p004t1hd\/episodes\/downloads\" target=\"_blank\" rel=\"noreferrer noopener\">http:\/\/www.bbc.co.uk\/programmes\/p004t1hd\/episodes\/downloads<\/a><\/p>\n\n\n\n<p class=\"has-medium-font-size\">\u017einios per penkias minutes<br><a href=\"http:\/\/www.bbc.co.uk\/programmes\/p002vsmz\/episodes\/player\" target=\"_blank\" rel=\"noreferrer noopener\">http:\/\/www.bbc.co.uk\/programmes\/p002vsmz\/episodes\/player<\/a><\/p>\n\n\n\n<p class=\"has-medium-font-size\">laida \u2018The Why Factor\u2019 \u2013 kod\u0117l mes elgiam\u0117s vienaip, o ne kitaip?<br><a href=\"http:\/\/www.bbc.co.uk\/programmes\/p00xtky9\/episodes\/player\" target=\"_blank\" rel=\"noreferrer noopener\">http:\/\/www.bbc.co.uk\/programmes\/p00xtky9\/episodes\/player<\/a><\/p>\n\n\n\n<p class=\"has-medium-font-size\">\u017eaidimai pradedantiesiems \u017eodynui pl\u0117sti<br><a href=\"http:\/\/www.gamestolearnenglish.com\/\" target=\"_blank\" rel=\"noreferrer noopener\">http:\/\/www.gamestolearnenglish.com\/<\/a><\/p>\n\n\n\n<p class=\"has-medium-font-size\">\u017eaidimas pa\u017eengusiems \u017eodyno pl\u0117timui<br><a href=\"http:\/\/www.freerice.com\/\" target=\"_blank\" rel=\"noreferrer noopener\">http:\/\/www.freerice.com\/<\/a><\/p>\n\n\n\n<p class=\"has-medium-font-size\">\u017eod\u017ei\u0173 s\u0105ra\u0161as pa\u017eengusiems (1)<br><a href=\"http:\/\/www.enchantedlearning.com\/wordlist\/\" target=\"_blank\" rel=\"noreferrer noopener\">http:\/\/www.enchantedlearning.com\/wordlist\/<\/a><\/p>\n\n\n\n<p class=\"has-medium-font-size\">\u017eod\u017ei\u0173 s\u0105ra\u0161as pa\u017eengusiems (2)<br><a href=\"http:\/\/www.academia.edu\/7276032\/IELTS_High_Score_Vocabulary_List_2013_-_A_Specially_Selected_List_of_IELTS_Vocabulary_Words_Guaranteed_To_Increase_Your_Score\" target=\"_blank\" rel=\"noreferrer noopener\">http:\/\/www.academia.edu\/7276032\/IELTS_High_Score_Vocabulary_List_2013_-_A_Specially_Selected_List_of_IELTS_Vocabulary_Words_Guaranteed_To_Increase_Your_Score<\/a><\/p>\n\n\n\n<p class=\"has-medium-font-size\">populiar\u016bs frazeologizmai<br><a href=\"https:\/\/www.smart-words.org\/quotes-sayings\/idioms-meaning.html\" target=\"_blank\" rel=\"noreferrer noopener\">https:\/\/www.smart-words.org\/quotes-sayings\/idioms-meaning.html<\/a><\/p>\n\n\n\n<p class=\"has-medium-font-size\">\u017eod\u017ei\u0173 derinimas<br><a href=\"http:\/\/www.freecollocation.com\/\" target=\"_blank\" rel=\"noreferrer noopener\">http:\/\/www.freecollocation.com\/<\/a><\/p>\n\n\n\n<p class=\"has-medium-font-size\">pla\u010diausias ai\u0161kinamasis \u017eodynas \u201eThe free dictionary\u201d<br><a href=\"http:\/\/www.thefreedictionary.com\/\" target=\"_blank\" rel=\"noreferrer noopener\">http:\/\/www.thefreedictionary.com\/<\/a><\/p>\n\n\n\n<p class=\"has-medium-font-size\">sinonim\u0173 \u017eodynas<br><a href=\"http:\/\/www.thesaurus.com\/\" target=\"_blank\" rel=\"noreferrer noopener\">http:\/\/www.thesaurus.com\/<\/a><\/p>\n\n\n\n<p class=\"has-medium-font-size\">karaoke \u2013 tarimui lavinti<br><a href=\"http:\/\/www.lyricstraining.com\/\" target=\"_blank\" rel=\"noreferrer noopener\">http:\/\/www.lyricstraining.com\/<\/a><\/p>\n\n\n\n<p class=\"has-medium-font-size\">\u017eod\u017ei\u0173 ir frazi\u0173 paie\u0161ka filmuose<br><a href=\"http:\/\/www.playphrase.me\/\" target=\"_blank\" rel=\"noreferrer noopener\">http:\/\/www.playphrase.me\/<\/a><\/p>\n\n\n\n<p class=\"has-text-align-center has-black-color has-text-color has-medium-font-size\"><\/p>\n<\/div><\/div>\n","protected":false},"excerpt":{"rendered":"","protected":false},"author":1,"featured_media":0,"parent":0,"menu_order":0,"comment_status":"closed","ping_status":"closed","template":"","meta":{"footnotes":""},"class_list":["post-93","page","type-page","status-publish","hentry"],"_links":{"self":[{"href":"https:\/\/anglupamokeles.lt\/index.php?rest_route=\/wp\/v2\/pages\/93","targetHints":{"allow":["GET"]}}],"collection":[{"href":"https:\/\/anglupamokeles.lt\/index.php?rest_route=\/wp\/v2\/pages"}],"about":[{"href":"https:\/\/anglupamokeles.lt\/index.php?rest_route=\/wp\/v2\/types\/page"}],"author":[{"embeddable":true,"href":"https:\/\/anglupamokeles.lt\/index.php?rest_route=\/wp\/v2\/users\/1"}],"replies":[{"embeddable":true,"href":"https:\/\/anglupamokeles.lt\/index.php?rest_route=%2Fwp%2Fv2%2Fcomments&post=93"}],"version-history":[{"count":6,"href":"https:\/\/anglupamokeles.lt\/index.php?rest_route=\/wp\/v2\/pages\/93\/revisions"}],"predecessor-version":[{"id":130,"href":"https:\/\/anglupamokeles.lt\/index.php?rest_route=\/wp\/v2\/pages\/93\/revisions\/130"}],"wp:attachment":[{"href":"https:\/\/anglupamokeles.lt\/index.php?rest_route=%2Fwp%2Fv2%2Fmedia&parent=93"}],"curies":[{"name":"wp","href":"https:\/\/api.w.org\/{rel}","templated":true}]}}