{"id":28,"date":"2025-04-28T06:49:17","date_gmt":"2025-04-28T06:49:17","guid":{"rendered":"https:\/\/anglupamokeles.lt\/?page_id=28"},"modified":"2025-05-01T07:19:43","modified_gmt":"2025-05-01T07:19:43","slug":"contact-2","status":"publish","type":"page","link":"https:\/\/anglupamokeles.lt\/?page_id=28","title":{"rendered":"Rekvizitai"},"content":{"rendered":"\n<div class=\"wp-block-cover alignfull is-light\" style=\"min-height:361px;aspect-ratio:unset;\"><img decoding=\"async\" class=\"wp-block-cover__image-background wp-image-58\" alt=\"\" src=\"https:\/\/anglupamokeles.lt\/wp-content\/uploads\/2025\/04\/knygos.jpg\" data-object-fit=\"cover\"\/><span aria-hidden=\"true\" class=\"wp-block-cover__background has-background-dim-20 has-background-dim\" style=\"background-color:#e5e5e4\"><\/span><div class=\"wp-block-cover__inner-container is-layout-constrained wp-block-cover-is-layout-constrained\">\n<p class=\"has-text-align-center has-black-color has-text-color has-medium-font-size\">Simonas \u0160orys<\/p>\n\n\n\n<p class=\"has-text-align-center has-black-color has-text-color has-medium-font-size\">+370 698 11 519 <\/p>\n\n\n\n<p class=\"has-text-align-center has-black-color has-text-color has-medium-font-size\">info@anglupamokeles.lt <\/p>\n\n\n\n<p class=\"has-text-align-center has-black-color has-text-color has-medium-font-size\">LT77 7044 0001 8861 1529 (SEB bankas) <\/p>\n\n\n\n<p class=\"has-text-align-center has-black-color has-text-color has-medium-font-size\">Kalvarij\u0173 g. 125, 1 korpusas, 3 \u012f\u0117jimas, 440 kabinetas, Vilnius <\/p>\n\n\n\n<p class=\"has-text-align-center has-black-color has-text-color has-medium-font-size\"><a href=\"https:\/\/maps.app.goo.gl\/d5D8eF7DZbvikVFx6\">https:\/\/maps.app.goo.gl\/d5D8eF7DZbvikVFx6<\/a><\/p>\n\n\n\n<p><\/p>\n\n\n\n<p><\/p>\n<\/div><\/div>\n","protected":false},"excerpt":{"rendered":"","protected":false},"author":1,"featured_media":25,"parent":0,"menu_order":0,"comment_status":"closed","ping_status":"closed","template":"","meta":{"footnotes":""},"class_list":["post-28","page","type-page","status-publish","has-post-thumbnail","hentry"],"_links":{"self":[{"href":"https:\/\/anglupamokeles.lt\/index.php?rest_route=\/wp\/v2\/pages\/28","targetHints":{"allow":["GET"]}}],"collection":[{"href":"https:\/\/anglupamokeles.lt\/index.php?rest_route=\/wp\/v2\/pages"}],"about":[{"href":"https:\/\/anglupamokeles.lt\/index.php?rest_route=\/wp\/v2\/types\/page"}],"author":[{"embeddable":true,"href":"https:\/\/anglupamokeles.lt\/index.php?rest_route=\/wp\/v2\/users\/1"}],"replies":[{"embeddable":true,"href":"https:\/\/anglupamokeles.lt\/index.php?rest_route=%2Fwp%2Fv2%2Fcomments&post=28"}],"version-history":[{"count":3,"href":"https:\/\/anglupamokeles.lt\/index.php?rest_route=\/wp\/v2\/pages\/28\/revisions"}],"predecessor-version":[{"id":77,"href":"https:\/\/anglupamokeles.lt\/index.php?rest_route=\/wp\/v2\/pages\/28\/revisions\/77"}],"wp:featuredmedia":[{"embeddable":true,"href":"https:\/\/anglupamokeles.lt\/index.php?rest_route=\/wp\/v2\/media\/25"}],"wp:attachment":[{"href":"https:\/\/anglupamokeles.lt\/index.php?rest_route=%2Fwp%2Fv2%2Fmedia&parent=28"}],"curies":[{"name":"wp","href":"https:\/\/api.w.org\/{rel}","templated":true}]}}