{"id":27,"date":"2025-04-28T06:49:17","date_gmt":"2025-04-28T06:49:17","guid":{"rendered":"https:\/\/anglupamokeles.lt\/?page_id=27"},"modified":"2025-05-05T06:11:21","modified_gmt":"2025-05-05T06:11:21","slug":"about","status":"publish","type":"page","link":"https:\/\/anglupamokeles.lt\/?page_id=27","title":{"rendered":"Apie mane"},"content":{"rendered":"\n<div class=\"wp-block-cover alignfull is-light\" style=\"min-height:247px;aspect-ratio:unset;\"><img decoding=\"async\" class=\"wp-block-cover__image-background wp-image-58\" alt=\"\" src=\"https:\/\/anglupamokeles.lt\/wp-content\/uploads\/2025\/04\/knygos.jpg\" data-object-fit=\"cover\"\/><span aria-hidden=\"true\" class=\"wp-block-cover__background has-background-dim-20 has-background-dim\" style=\"background-color:#e5e5e4\"><\/span><div class=\"wp-block-cover__inner-container is-layout-constrained wp-block-cover-is-layout-constrained\">\n<p class=\"has-text-align-center has-black-color has-text-color has-medium-font-size\">Vilniaus universitete \u012fgijau angl\u0173 filologijos bakalauro (1998 m.) ir visuotin\u0117s (amerikie\u010di\u0173) literat\u016bros magistro (2001 m.) laipsnius.<\/p>\n\n\n\n<p class=\"has-text-align-center has-black-color has-text-color has-medium-font-size\">Angl\u0173 kalb\u0105 prad\u0117jau d\u0117styti 1994 metais, 2000-2005 dirbau angl\u0173 kalbos mokykloje English First, mokiausi angl\u0173 kalbos d\u0117stymo metodik\u0173 \u012fvairiuose seminaruose.<\/p>\n<\/div><\/div>\n\n\n\n<p class=\"has-text-align-left\"><\/p>\n\n\n\n<p><\/p>\n","protected":false},"excerpt":{"rendered":"","protected":false},"author":1,"featured_media":0,"parent":0,"menu_order":0,"comment_status":"closed","ping_status":"closed","template":"","meta":{"footnotes":""},"class_list":["post-27","page","type-page","status-publish","hentry"],"_links":{"self":[{"href":"https:\/\/anglupamokeles.lt\/index.php?rest_route=\/wp\/v2\/pages\/27","targetHints":{"allow":["GET"]}}],"collection":[{"href":"https:\/\/anglupamokeles.lt\/index.php?rest_route=\/wp\/v2\/pages"}],"about":[{"href":"https:\/\/anglupamokeles.lt\/index.php?rest_route=\/wp\/v2\/types\/page"}],"author":[{"embeddable":true,"href":"https:\/\/anglupamokeles.lt\/index.php?rest_route=\/wp\/v2\/users\/1"}],"replies":[{"embeddable":true,"href":"https:\/\/anglupamokeles.lt\/index.php?rest_route=%2Fwp%2Fv2%2Fcomments&post=27"}],"version-history":[{"count":7,"href":"https:\/\/anglupamokeles.lt\/index.php?rest_route=\/wp\/v2\/pages\/27\/revisions"}],"predecessor-version":[{"id":122,"href":"https:\/\/anglupamokeles.lt\/index.php?rest_route=\/wp\/v2\/pages\/27\/revisions\/122"}],"wp:attachment":[{"href":"https:\/\/anglupamokeles.lt\/index.php?rest_route=%2Fwp%2Fv2%2Fmedia&parent=27"}],"curies":[{"name":"wp","href":"https:\/\/api.w.org\/{rel}","templated":true}]}}