{"id":26,"date":"2025-04-28T06:49:17","date_gmt":"2025-04-28T06:49:17","guid":{"rendered":"https:\/\/anglupamokeles.lt\/?page_id=26"},"modified":"2025-05-01T07:15:34","modified_gmt":"2025-05-01T07:15:34","slug":"homepage","status":"publish","type":"page","link":"https:\/\/anglupamokeles.lt\/","title":{"rendered":"Angl\u0173 kalbos kursai Vilniuje ir ne tik"},"content":{"rendered":"\n<div class=\"wp-block-cover alignfull is-light\" style=\"min-height:406px;aspect-ratio:unset;\"><img decoding=\"async\" class=\"wp-block-cover__image-background wp-image-58\" alt=\"\" src=\"https:\/\/anglupamokeles.lt\/wp-content\/uploads\/2025\/04\/knygos.jpg\" data-object-fit=\"cover\"\/><span aria-hidden=\"true\" class=\"wp-block-cover__background has-background-dim-20 has-background-dim\" style=\"background-color:#e5e5e4\"><\/span><div class=\"wp-block-cover__inner-container is-layout-constrained wp-block-cover-is-layout-constrained\">\n<p class=\"has-text-align-center has-black-color has-text-color has-medium-font-size\">Mano kurs\u0173 i\u0161skirtinumas \u2013 asmeninis d\u0117mesys kiekvienam, ma\u017eos grup\u0117s, neformali atmosfera, bendravimas tik angl\u0173 kalba, puikus kainos ir kokyb\u0117s santykis. \u0160iuose angl\u0173 kalbos kursuose gali mokytis kiekvienas, nepriklausomai nuo \u017eini\u0173 lygio. \u0160ie angl\u0173 kalbos kursai Jums pravers, jei siekiate platesni\u0173 karjeros galimybi\u0173, ketinate dirbti u\u017esienyje arba planuojate laikyti angl\u0173 kalbos egzamin\u0105. Ateikite, jei tiesiog norite i\u0161mokti \u0161nek\u0117ti angli\u0161kai bendramin\u010di\u0173 grup\u0117je.<\/p>\n\n\n\n<p class=\"has-text-align-center has-black-color has-text-color has-medium-font-size\">Kvie\u010diu \u012f angl\u0173 kalbos kursus Vilniuje. Juose i\u0161moksite dr\u0105siai ir skland\u017eiai kalb\u0117ti angli\u0161kai, pam\u0117gsite angl\u0173 kalb\u0105 ir prad\u0117site m\u0105styti angli\u0161kai. Taip pat su\u017einosite, kaip efektyviai mokytis angl\u0173 kalbos savaranki\u0161kai.<\/p>\n<\/div><\/div>\n\n\n\n<p><\/p>\n","protected":false},"excerpt":{"rendered":"","protected":false},"author":1,"featured_media":0,"parent":0,"menu_order":0,"comment_status":"closed","ping_status":"closed","template":"","meta":{"footnotes":""},"class_list":["post-26","page","type-page","status-publish","hentry"],"_links":{"self":[{"href":"https:\/\/anglupamokeles.lt\/index.php?rest_route=\/wp\/v2\/pages\/26","targetHints":{"allow":["GET"]}}],"collection":[{"href":"https:\/\/anglupamokeles.lt\/index.php?rest_route=\/wp\/v2\/pages"}],"about":[{"href":"https:\/\/anglupamokeles.lt\/index.php?rest_route=\/wp\/v2\/types\/page"}],"author":[{"embeddable":true,"href":"https:\/\/anglupamokeles.lt\/index.php?rest_route=\/wp\/v2\/users\/1"}],"replies":[{"embeddable":true,"href":"https:\/\/anglupamokeles.lt\/index.php?rest_route=%2Fwp%2Fv2%2Fcomments&post=26"}],"version-history":[{"count":9,"href":"https:\/\/anglupamokeles.lt\/index.php?rest_route=\/wp\/v2\/pages\/26\/revisions"}],"predecessor-version":[{"id":71,"href":"https:\/\/anglupamokeles.lt\/index.php?rest_route=\/wp\/v2\/pages\/26\/revisions\/71"}],"wp:attachment":[{"href":"https:\/\/anglupamokeles.lt\/index.php?rest_route=%2Fwp%2Fv2%2Fmedia&parent=26"}],"curies":[{"name":"wp","href":"https:\/\/api.w.org\/{rel}","templated":true}]}}